{"id":27,"date":"2025-10-13T09:34:37","date_gmt":"2025-10-13T09:34:37","guid":{"rendered":"https:\/\/smarthome-programmierer.ch\/?post_type=product&#038;p=27"},"modified":"2025-10-13T10:02:16","modified_gmt":"2025-10-13T10:02:16","slug":"loxone-miniserver-gen-2","status":"publish","type":"product","link":"https:\/\/smarthome-programmierer.ch\/?product=loxone-miniserver-gen-2","title":{"rendered":"Loxone Miniserver Gen 2"},"content":{"rendered":"<p>Der Miniserver ist das <strong>ultimative Werkzeug<\/strong> zur Automatisierung von Eigenheimen, Gewerbeobjekten und Spezialanwendungen. Als <strong>zentrale Steuereinheit<\/strong> der Haus- &amp; Geb\u00e4udeautomation und mit <strong>zahlreichen Schnittstellen<\/strong> on-board erledigt er die meisten Aufgaben in punkto <strong>Sicherheit, Komfort und Energieeffizienz.<\/strong><\/p>\n<p><strong>Features:<\/strong><\/p>\n<ul>\n<li>8 digitale Eing\u00e4nge<\/li>\n<li>4 analoge Eing\u00e4nge<\/li>\n<li>8 digitale Relaisausg\u00e4nge, potentialfrei<\/li>\n<li>Loxone Link: bis zu 30 Extensions<\/li>\n<li>Loxone Tree: bis zu 50 Tree Ger\u00e4te<\/li>\n<li>LAN Schnittstelle<\/li>\n<\/ul>\n<p><strong>Technische Details:<\/strong><\/p>\n<p>Versorgungsspannung:<\/p>\n<p>19,2 \u2026 30 VDC<\/p>\n<p>Produktma\u00dfe:<\/p>\n<p>157x88x57mm \/ 6,18&#215;3,46&#215;2,24\u201d (LxBxH), 9 Teilungseinheiten<\/p>\n<p>&nbsp;<\/p>\n<p>Quelle Produktbilder und Texte: loxone<\/p>\n","protected":false},"excerpt":{"rendered":"<p>Der Miniserver ist das ultimative Werkzeug zur Automatisierung von Eigenheimen, Gewerbeobjekten und Spezialanwendungen. Als zentrale Steuereinheit der Haus- &amp; Geb\u00e4udeautomation und mit zahlreichen Schnittstellen on-board erledigt er die meisten Aufgaben in punkto Sicherheit, Komfort und Energieeffizienz. Features: 8 digitale Eing\u00e4nge 4 analoge Eing\u00e4nge 8 digitale Relaisausg\u00e4nge, potentialfrei Loxone Link: bis zu 30 Extensions Loxone Tree: [&hellip;]<\/p>\n","protected":false},"featured_media":28,"comment_status":"open","ping_status":"closed","template":"","meta":[],"product_brand":[20],"product_cat":[18,19],"product_tag":[],"class_list":{"0":"post-27","1":"product","2":"type-product","3":"status-publish","4":"has-post-thumbnail","6":"product_brand-loxone","7":"product_cat-loxone","8":"product_cat-miniserver","10":"first","11":"instock","12":"sale","13":"taxable","14":"shipping-taxable","15":"purchasable","16":"product-type-simple"},"yoast_head":"<!-- This site is optimized with the Yoast SEO plugin v27.2 - https:\/\/yoast.com\/product\/yoast-seo-wordpress\/ -->\n<title>Loxone Miniserver Gen 2 - Ihre SmartHome Programmierer<\/title>\n<meta name=\"description\" content=\"DAS Gehirn f\u00fcr Ihr Smarthome mit Loxone. Fast unbegrenzte M\u00f6glichkeiten, viele Schnittstellen und physische Anschl\u00fcsse. ohne Audioteil.\" \/>\n<meta name=\"robots\" content=\"index, follow, max-snippet:-1, max-image-preview:large, max-video-preview:-1\" \/>\n<link rel=\"canonical\" href=\"https:\/\/smarthome-programmierer.ch\/?product=loxone-miniserver-gen-2\" \/>\n<meta property=\"og:locale\" content=\"de_DE\" \/>\n<meta property=\"og:type\" content=\"article\" \/>\n<meta property=\"og:title\" content=\"Loxone Miniserver Gen 2 - Ihre SmartHome Programmierer\" \/>\n<meta property=\"og:description\" content=\"DAS Gehirn f\u00fcr Ihr Smarthome mit Loxone. Fast unbegrenzte M\u00f6glichkeiten, viele Schnittstellen und physische Anschl\u00fcsse. ohne Audioteil.\" \/>\n<meta property=\"og:url\" content=\"https:\/\/smarthome-programmierer.ch\/?product=loxone-miniserver-gen-2\" \/>\n<meta property=\"og:site_name\" content=\"Ihre SmartHome Programmierer\" \/>\n<meta property=\"article:modified_time\" content=\"2025-10-13T10:02:16+00:00\" \/>\n<meta property=\"og:image\" content=\"https:\/\/smarthome-programmierer.ch\/wp-content\/uploads\/2025\/10\/PH-Shop-600x400-Miniserver.jpg\" \/>\n\t<meta property=\"og:image:width\" content=\"1200\" \/>\n\t<meta property=\"og:image:height\" content=\"800\" \/>\n\t<meta property=\"og:image:type\" content=\"image\/jpeg\" \/>\n<meta name=\"twitter:card\" content=\"summary_large_image\" \/>\n<meta name=\"twitter:label1\" content=\"Gesch\u00e4tzte Lesezeit\" \/>\n\t<meta name=\"twitter:data1\" content=\"1\u00a0Minute\" \/>\n<script type=\"application\/ld+json\" class=\"yoast-schema-graph\">{\"@context\":\"https:\/\/schema.org\",\"@graph\":[{\"@type\":\"WebPage\",\"@id\":\"https:\/\/smarthome-programmierer.ch\/?product=loxone-miniserver-gen-2\",\"url\":\"https:\/\/smarthome-programmierer.ch\/?product=loxone-miniserver-gen-2\",\"name\":\"Loxone Miniserver Gen 2 - Ihre SmartHome Programmierer\",\"isPartOf\":{\"@id\":\"https:\/\/smarthome-programmierer.ch\/#website\"},\"primaryImageOfPage\":{\"@id\":\"https:\/\/smarthome-programmierer.ch\/?product=loxone-miniserver-gen-2#primaryimage\"},\"image\":{\"@id\":\"https:\/\/smarthome-programmierer.ch\/?product=loxone-miniserver-gen-2#primaryimage\"},\"thumbnailUrl\":\"https:\/\/smarthome-programmierer.ch\/wp-content\/uploads\/2025\/10\/PH-Shop-600x400-Miniserver.jpg\",\"datePublished\":\"2025-10-13T09:34:37+00:00\",\"dateModified\":\"2025-10-13T10:02:16+00:00\",\"description\":\"DAS Gehirn f\u00fcr Ihr Smarthome mit Loxone. Fast unbegrenzte M\u00f6glichkeiten, viele Schnittstellen und physische Anschl\u00fcsse. ohne Audioteil.\",\"breadcrumb\":{\"@id\":\"https:\/\/smarthome-programmierer.ch\/?product=loxone-miniserver-gen-2#breadcrumb\"},\"inLanguage\":\"de-CH\",\"potentialAction\":[{\"@type\":\"ReadAction\",\"target\":[\"https:\/\/smarthome-programmierer.ch\/?product=loxone-miniserver-gen-2\"]}]},{\"@type\":\"ImageObject\",\"inLanguage\":\"de-CH\",\"@id\":\"https:\/\/smarthome-programmierer.ch\/?product=loxone-miniserver-gen-2#primaryimage\",\"url\":\"https:\/\/smarthome-programmierer.ch\/wp-content\/uploads\/2025\/10\/PH-Shop-600x400-Miniserver.jpg\",\"contentUrl\":\"https:\/\/smarthome-programmierer.ch\/wp-content\/uploads\/2025\/10\/PH-Shop-600x400-Miniserver.jpg\",\"width\":1200,\"height\":800},{\"@type\":\"BreadcrumbList\",\"@id\":\"https:\/\/smarthome-programmierer.ch\/?product=loxone-miniserver-gen-2#breadcrumb\",\"itemListElement\":[{\"@type\":\"ListItem\",\"position\":1,\"name\":\"Startseite\",\"item\":\"https:\/\/smarthome-programmierer.ch\/\"},{\"@type\":\"ListItem\",\"position\":2,\"name\":\"Shop\",\"item\":\"https:\/\/smarthome-programmierer.ch\/?page_id=6\"},{\"@type\":\"ListItem\",\"position\":3,\"name\":\"Loxone Miniserver Gen 2\"}]},{\"@type\":\"WebSite\",\"@id\":\"https:\/\/smarthome-programmierer.ch\/#website\",\"url\":\"https:\/\/smarthome-programmierer.ch\/\",\"name\":\"Ihre SmartHome Programmierer\",\"description\":\"\",\"potentialAction\":[{\"@type\":\"SearchAction\",\"target\":{\"@type\":\"EntryPoint\",\"urlTemplate\":\"https:\/\/smarthome-programmierer.ch\/?s={search_term_string}\"},\"query-input\":{\"@type\":\"PropertyValueSpecification\",\"valueRequired\":true,\"valueName\":\"search_term_string\"}}],\"inLanguage\":\"de-CH\"}]}<\/script>\n<!-- \/ Yoast SEO plugin. -->","yoast_head_json":{"title":"Loxone Miniserver Gen 2 - Ihre SmartHome Programmierer","description":"DAS Gehirn f\u00fcr Ihr Smarthome mit Loxone. Fast unbegrenzte M\u00f6glichkeiten, viele Schnittstellen und physische Anschl\u00fcsse. ohne Audioteil.","robots":{"index":"index","follow":"follow","max-snippet":"max-snippet:-1","max-image-preview":"max-image-preview:large","max-video-preview":"max-video-preview:-1"},"canonical":"https:\/\/smarthome-programmierer.ch\/?product=loxone-miniserver-gen-2","og_locale":"de_DE","og_type":"article","og_title":"Loxone Miniserver Gen 2 - Ihre SmartHome Programmierer","og_description":"DAS Gehirn f\u00fcr Ihr Smarthome mit Loxone. Fast unbegrenzte M\u00f6glichkeiten, viele Schnittstellen und physische Anschl\u00fcsse. ohne Audioteil.","og_url":"https:\/\/smarthome-programmierer.ch\/?product=loxone-miniserver-gen-2","og_site_name":"Ihre SmartHome Programmierer","article_modified_time":"2025-10-13T10:02:16+00:00","og_image":[{"width":1200,"height":800,"url":"https:\/\/smarthome-programmierer.ch\/wp-content\/uploads\/2025\/10\/PH-Shop-600x400-Miniserver.jpg","type":"image\/jpeg"}],"twitter_card":"summary_large_image","twitter_misc":{"Gesch\u00e4tzte Lesezeit":"1\u00a0Minute"},"schema":{"@context":"https:\/\/schema.org","@graph":[{"@type":"WebPage","@id":"https:\/\/smarthome-programmierer.ch\/?product=loxone-miniserver-gen-2","url":"https:\/\/smarthome-programmierer.ch\/?product=loxone-miniserver-gen-2","name":"Loxone Miniserver Gen 2 - Ihre SmartHome Programmierer","isPartOf":{"@id":"https:\/\/smarthome-programmierer.ch\/#website"},"primaryImageOfPage":{"@id":"https:\/\/smarthome-programmierer.ch\/?product=loxone-miniserver-gen-2#primaryimage"},"image":{"@id":"https:\/\/smarthome-programmierer.ch\/?product=loxone-miniserver-gen-2#primaryimage"},"thumbnailUrl":"https:\/\/smarthome-programmierer.ch\/wp-content\/uploads\/2025\/10\/PH-Shop-600x400-Miniserver.jpg","datePublished":"2025-10-13T09:34:37+00:00","dateModified":"2025-10-13T10:02:16+00:00","description":"DAS Gehirn f\u00fcr Ihr Smarthome mit Loxone. Fast unbegrenzte M\u00f6glichkeiten, viele Schnittstellen und physische Anschl\u00fcsse. ohne Audioteil.","breadcrumb":{"@id":"https:\/\/smarthome-programmierer.ch\/?product=loxone-miniserver-gen-2#breadcrumb"},"inLanguage":"de-CH","potentialAction":[{"@type":"ReadAction","target":["https:\/\/smarthome-programmierer.ch\/?product=loxone-miniserver-gen-2"]}]},{"@type":"ImageObject","inLanguage":"de-CH","@id":"https:\/\/smarthome-programmierer.ch\/?product=loxone-miniserver-gen-2#primaryimage","url":"https:\/\/smarthome-programmierer.ch\/wp-content\/uploads\/2025\/10\/PH-Shop-600x400-Miniserver.jpg","contentUrl":"https:\/\/smarthome-programmierer.ch\/wp-content\/uploads\/2025\/10\/PH-Shop-600x400-Miniserver.jpg","width":1200,"height":800},{"@type":"BreadcrumbList","@id":"https:\/\/smarthome-programmierer.ch\/?product=loxone-miniserver-gen-2#breadcrumb","itemListElement":[{"@type":"ListItem","position":1,"name":"Startseite","item":"https:\/\/smarthome-programmierer.ch\/"},{"@type":"ListItem","position":2,"name":"Shop","item":"https:\/\/smarthome-programmierer.ch\/?page_id=6"},{"@type":"ListItem","position":3,"name":"Loxone Miniserver Gen 2"}]},{"@type":"WebSite","@id":"https:\/\/smarthome-programmierer.ch\/#website","url":"https:\/\/smarthome-programmierer.ch\/","name":"Ihre SmartHome Programmierer","description":"","potentialAction":[{"@type":"SearchAction","target":{"@type":"EntryPoint","urlTemplate":"https:\/\/smarthome-programmierer.ch\/?s={search_term_string}"},"query-input":{"@type":"PropertyValueSpecification","valueRequired":true,"valueName":"search_term_string"}}],"inLanguage":"de-CH"}]}},"jetpack_sharing_enabled":true,"_links":{"self":[{"href":"https:\/\/smarthome-programmierer.ch\/index.php?rest_route=\/wp\/v2\/product\/27","targetHints":{"allow":["GET"]}}],"collection":[{"href":"https:\/\/smarthome-programmierer.ch\/index.php?rest_route=\/wp\/v2\/product"}],"about":[{"href":"https:\/\/smarthome-programmierer.ch\/index.php?rest_route=\/wp\/v2\/types\/product"}],"replies":[{"embeddable":true,"href":"https:\/\/smarthome-programmierer.ch\/index.php?rest_route=%2Fwp%2Fv2%2Fcomments&post=27"}],"wp:featuredmedia":[{"embeddable":true,"href":"https:\/\/smarthome-programmierer.ch\/index.php?rest_route=\/wp\/v2\/media\/28"}],"wp:attachment":[{"href":"https:\/\/smarthome-programmierer.ch\/index.php?rest_route=%2Fwp%2Fv2%2Fmedia&parent=27"}],"wp:term":[{"taxonomy":"product_brand","embeddable":true,"href":"https:\/\/smarthome-programmierer.ch\/index.php?rest_route=%2Fwp%2Fv2%2Fproduct_brand&post=27"},{"taxonomy":"product_cat","embeddable":true,"href":"https:\/\/smarthome-programmierer.ch\/index.php?rest_route=%2Fwp%2Fv2%2Fproduct_cat&post=27"},{"taxonomy":"product_tag","embeddable":true,"href":"https:\/\/smarthome-programmierer.ch\/index.php?rest_route=%2Fwp%2Fv2%2Fproduct_tag&post=27"}],"curies":[{"name":"wp","href":"https:\/\/api.w.org\/{rel}","templated":true}]}}